{"id":58,"date":"2022-10-05T10:32:25","date_gmt":"2022-10-05T07:32:25","guid":{"rendered":"https:\/\/www.rukanaarre.fi\/?page_id=58"},"modified":"2022-10-05T13:31:01","modified_gmt":"2022-10-05T10:31:01","slug":"yleiset-kayttoehdot","status":"publish","type":"page","link":"https:\/\/www.rukanaarre.fi\/?page_id=58","title":{"rendered":"Yleiset k\u00e4ytt\u00f6ehdot"},"content":{"rendered":"\n<p>M\u00f6kiss\u00e4 on k\u00e4ytt\u00e4ydytt\u00e4v\u00e4 asiallisesti mm. naapurustoa h\u00e4iritsem\u00e4tt\u00e4. M\u00f6kist\u00e4 ja sen varusteista on pidett\u00e4v\u00e4 hyv\u00e4\u00e4 huolta.<\/p>\n\n\n\n<p><em>Mahdollisista tavaroiden tms. rikkoutumisesta on ilmoitettava vuokranantajalle v\u00e4litt\u00f6m\u00e4sti. Vuokraaja on velvollinen korvaamaan m\u00f6kille tai sen irtaimistolle mahdollisesti aiheuttamansa vahingot. Mik\u00e4li vahingot ovat syntyneet v\u00e4linpit\u00e4m\u00e4tt\u00f6myydest\u00e4, asia k\u00e4sitell\u00e4\u00e4n ilkivaltana, joka ilmoitetaan aina poliisille, ja josta vaaditaan korjauskustannusten lis\u00e4ksi vahingonkorvaus.<\/em><\/p>\n\n\n\n<p>Saunassa k\u00e4ytet\u00e4\u00e4n peflettej\u00e4. M\u00f6kiss\u00e4 ei saa tupakoida sis\u00e4ll\u00e4. Piha-alueella tupakoitaessa tupakan tumpit tai nuuskat on ker\u00e4tt\u00e4v\u00e4, niit\u00e4 ei saa heitt\u00e4\u00e4, eik\u00e4 j\u00e4tt\u00e4\u00e4 ymp\u00e4rist\u00f6\u00f6n. Lemmikit eiv\u00e4t ole sallittuja.<\/p>\n\n\n\n<p>Avaimet<\/p>\n\n\n\n<p>Huvilassa on s\u00e4hk\u00f6lukot, joka toimii henkil\u00f6kohtaisella numerokoodilla. Vuokraaja saa ovikoodin k\u00e4ytt\u00f6\u00f6ns\u00e4 ennen saapumista.<\/p>\n\n\n\n<p>Saapumis- ja l\u00e4ht\u00f6ajat<\/p>\n\n\n\n<p>Huvila on asiakkaan k\u00e4yt\u00f6ss\u00e4 tulop\u00e4iv\u00e4st\u00e4 klo 16 l\u00e4ht\u00f6p\u00e4iv\u00e4\u00e4n klo 11 saakka. Henkil\u00f6kohtainen avainkoodisi toimii saapumis- ja l\u00e4ht\u00f6ajan v\u00e4lisen ajan. Ilmoita, saapumisaikasi huoltoyhti\u00f6lle pari p\u00e4iv\u00e4\u00e4 aiemmin ja samoin l\u00e4ht\u00f6aikasi l\u00e4htiess\u00e4si tai kun tied\u00e4t sen aiemmin, niin huoltoyhti\u00f6mme ehtii huoltaa kaikille vieraille asunnot.<\/p>\n\n\n\n<p>Liinavaatteet<\/p>\n\n\n\n<p>Liinavaatteet voi vuokrata etuk\u00e4teen (18e\/hl\u00f6) tai tuoda omat, mutta vuoteissa on k\u00e4ytett\u00e4v\u00e4 liinavaatteita. Makuupussien k\u00e4ytt\u00f6 vuoteissa on kielletty. Mik\u00e4li vuoteissa ei ole k\u00e4ytetty liinavaatteita, vuokranantaja pesett\u00e4\u00e4 tyynyt, peitot ja petauspatjat vuokraajan laskuun.<\/p>\n","protected":false},"excerpt":{"rendered":"<p>M\u00f6kiss\u00e4 on k\u00e4ytt\u00e4ydytt\u00e4v\u00e4 asiallisesti mm. naapurustoa h\u00e4iritsem\u00e4tt\u00e4. M\u00f6kist\u00e4 ja sen varusteista on pidett\u00e4v\u00e4 hyv\u00e4\u00e4 huolta. Mahdollisista tavaroiden tms. rikkoutumisesta on ilmoitettava vuokranantajalle v\u00e4litt\u00f6m\u00e4sti. Vuokraaja on velvollinen korvaamaan m\u00f6kille tai sen irtaimistolle mahdollisesti aiheuttamansa vahingot. Mik\u00e4li vahingot ovat syntyneet v\u00e4linpit\u00e4m\u00e4tt\u00f6myydest\u00e4, asia k\u00e4sitell\u00e4\u00e4n ilkivaltana, joka ilmoitetaan aina poliisille, ja josta vaaditaan korjauskustannusten&#8230;<\/p>\n","protected":false},"author":1,"featured_media":0,"parent":0,"menu_order":0,"comment_status":"closed","ping_status":"closed","template":"","meta":{"footnotes":""},"class_list":["post-58","page","type-page","status-publish","hentry"],"_links":{"self":[{"href":"https:\/\/www.rukanaarre.fi\/index.php?rest_route=\/wp\/v2\/pages\/58","targetHints":{"allow":["GET"]}}],"collection":[{"href":"https:\/\/www.rukanaarre.fi\/index.php?rest_route=\/wp\/v2\/pages"}],"about":[{"href":"https:\/\/www.rukanaarre.fi\/index.php?rest_route=\/wp\/v2\/types\/page"}],"author":[{"embeddable":true,"href":"https:\/\/www.rukanaarre.fi\/index.php?rest_route=\/wp\/v2\/users\/1"}],"replies":[{"embeddable":true,"href":"https:\/\/www.rukanaarre.fi\/index.php?rest_route=%2Fwp%2Fv2%2Fcomments&post=58"}],"version-history":[{"count":2,"href":"https:\/\/www.rukanaarre.fi\/index.php?rest_route=\/wp\/v2\/pages\/58\/revisions"}],"predecessor-version":[{"id":93,"href":"https:\/\/www.rukanaarre.fi\/index.php?rest_route=\/wp\/v2\/pages\/58\/revisions\/93"}],"wp:attachment":[{"href":"https:\/\/www.rukanaarre.fi\/index.php?rest_route=%2Fwp%2Fv2%2Fmedia&parent=58"}],"curies":[{"name":"wp","href":"https:\/\/api.w.org\/{rel}","templated":true}]}}